{"id":125,"date":"2021-10-13T17:08:35","date_gmt":"2021-10-13T17:08:35","guid":{"rendered":"https:\/\/therapie-und-mehr.at\/?page_id=125"},"modified":"2022-05-29T20:49:25","modified_gmt":"2022-05-29T20:49:25","slug":"dr-christiane-richter","status":"publish","type":"page","link":"https:\/\/therapie-und-mehr.at\/?page_id=125","title":{"rendered":"Dr. Christiane Richter"},"content":{"rendered":"\n<div class=\"wp-block-media-text alignwide is-stacked-on-mobile\" style=\"grid-template-columns:42% auto\"><figure class=\"wp-block-media-text__media\"><img decoding=\"async\" loading=\"lazy\" width=\"1024\" height=\"660\" src=\"https:\/\/therapie-und-mehr.at\/wp-content\/uploads\/2021\/10\/Portrait_03_rz-1024x660.jpg\" alt=\"\" class=\"wp-image-178 size-full\" srcset=\"https:\/\/therapie-und-mehr.at\/wp-content\/uploads\/2021\/10\/Portrait_03_rz-1024x660.jpg 1024w, https:\/\/therapie-und-mehr.at\/wp-content\/uploads\/2021\/10\/Portrait_03_rz-300x194.jpg 300w, https:\/\/therapie-und-mehr.at\/wp-content\/uploads\/2021\/10\/Portrait_03_rz-768x495.jpg 768w, https:\/\/therapie-und-mehr.at\/wp-content\/uploads\/2021\/10\/Portrait_03_rz-624x402.jpg 624w, https:\/\/therapie-und-mehr.at\/wp-content\/uploads\/2021\/10\/Portrait_03_rz.jpg 1200w\" sizes=\"(max-width: 1024px) 100vw, 1024px\" \/><\/figure><div class=\"wp-block-media-text__content\">\n<p> Fach\u00e4rztin f\u00fcr Psychiatrie und psychotherapeutische Medizin<br>(Zusatzfach: Geriatrie),<br>Fortbildungsdiplom der \u00d6sterreichischen \u00c4rztekammer (\u00d6\u00c4K),<br>\u00d6\u00c4K-Diplom f\u00fcr Geriatrie und Palliativmedizin<br><br>Psychotherapeutin: katathym-imaginative Psychotherapie\/KIP,<br>Schematherapie (Supervisorin und Trainerin) und Imagery Rescripting &amp; Reprocessing Therapy\/IRRT (Supervisionskandidatin) <\/p>\n<\/div><\/div>\n\n\n\n<p> <strong>Zielgruppen:<\/strong> <\/p>\n\n\n\n<ul><li>Erwachsene <\/li><li><a href=\"https:\/\/therapie-und-mehr.at\/?page_id=21\" data-type=\"page\" data-id=\"21\">\u00e4ltere Menschen<\/a> <\/li><li><a href=\"https:\/\/therapie-und-mehr.at\/?page_id=17\" data-type=\"page\" data-id=\"17\">Paare<\/a> <\/li><\/ul>\n\n\n\n<p><strong>Schwerpunkte:<\/strong> <\/p>\n\n\n\n<ul><li>ADHS bei Erwachsenen <\/li><li>Alkoholerkrankung (Diagnostik und Therapie) <\/li><li>\u00c4ngste\/Panik\/Zw\u00e4nge <\/li><li>Burnout-Symptomatik <\/li><li>bipolare Erkrankung <\/li><li>Demenzabkl\u00e4rung <\/li><li>Depression <\/li><li>Lebenskrisen <\/li><li>Pers\u00f6nlichkeitsst\u00f6rungen, Borderline-St\u00f6rungen <\/li><li>Psychosen <\/li><li>psychosomatische Erkrankungen <\/li><li>Trauma (Zustand nach schwerwiegenden Verletzungen wie Gewalterfahrungen, Missbrauch oder Verlusterlebnissen) <\/li><\/ul>\n\n\n\n<p>In einem Erstgespr\u00e4ch versuche ich abzukl\u00e4ren (Clearingprozess), welche Art von Hilfe ben\u00f6tigt wird: medizinische und\/oder psychotherapeutische Unterst\u00fctzung.<\/p>\n\n\n\n<p>Eine medikament\u00f6se Behandlung kann sofort eingeleitet werden, falls dies erforderlich ist, andere Bew\u00e4ltigungsstrategien (psychotherapeutische oder sonstige Behandlungen) k\u00f6nnen besprochen werden.<\/p>\n\n\n\n<p>Aufgrund meines ganzheitlichen Menschenbildes arbeite ich interdisziplin\u00e4r mit unterschiedlichen Fachleuten zusammen, z.B. aus den Bereichen anderer Psycho- und K\u00f6rpertherapien, Ergo- und Physiotherapie, Sozialarbeit sowie TCM (traditionelle chinesische Medizin).<\/p>\n\n\n\n<p><strong>Ausbildung und Berufst\u00e4tigkeit:<\/strong><\/p>\n\n\n\n<p>medizinisch:<\/p>\n\n\n\n<ul><li>Turnus\u00e4rztin im LKH Mistelbach sowie im Haus der Barmherzigkeit, Wien (Geriatrie)<\/li><li>Ausbildung zur Fach\u00e4rztin der Psychiatrie an der Landesnervenklinik Gugging, dabei ambulanzpsychiatrische und konsiliar\u00e4rztliche T\u00e4tigkeit im Psychosozialen Dienst Mistelbach<\/li><li>fach\u00e4rztliche T\u00e4tigkeit in eigener Ordination seit 2001<\/li><li>zudem Konsiliarpsychiaterin in einer Einrichtung f\u00fcr chronische PsychiatriepatientInnen, drei Landespensionistenheimen und lange Jahre in einer Behinderteneinrichtung<\/li><li>Fortbildungen: regelm\u00e4\u00dfige Teilnahme an Fortbildungsveranstaltungen<br>&#8211; laufende Fortbildungsdiplome der \u00d6sterreichischen \u00c4rztekammer<\/li><\/ul>\n\n\n\n<p>psychotherapeutisch:<\/p>\n\n\n\n<ul><li>psychotherapeutisches Prop\u00e4deutikum und nachfolgend KIP-Ausbildung (katathym-imaginative Psychotherapie) in Wien<\/li><li>Arbeit als Psychotherapeutin seit 2000<\/li><li>Zusatzausbildung in <a href=\"https:\/\/therapie-und-mehr.at\/?page_id=29\" data-type=\"page\" data-id=\"29\">Schematherapie<\/a> (Trainerin und Supervisorin)<\/li><li>zahlreiche psychotherapeutische Fortbildungen, insbesondere im Bereich der Traumatherapie (<a href=\"https:\/\/therapie-und-mehr.at\/?page_id=28\" data-type=\"page\" data-id=\"28\">EMDR<\/a>)<\/li><li>sowie <a href=\"https:\/\/therapie-und-mehr.at\/?page_id=23\" data-type=\"page\" data-id=\"23\">IRRT<\/a> (Supervisorin unter Supervision)<br><br><strong>Lehrt\u00e4tigkeit:<\/strong><\/li><\/ul>\n\n\n\n<ul><li>seit 1998 diverse Lehrt\u00e4tigkeiten bei zahlreichen Fortbildungen (im Psychotherapie-Prop\u00e4deutikum sowie f\u00fcr Krankenpflegepersonal, Wohn- und Betreuungsheimpersonal im Behindertenbereich und anderen psychosozialen Einrichtungen)<\/li><li>seit 2003 mehrere Lehrauftr\u00e4ge am Campus Wien\/Fachhochschule f\u00fcr Soziale Arbeit (1100 Wien), Bereiche: Psychiatrie, Krisenintervention, interkulturelle Kompetenz, dzt. im Master-Lehrgang f\u00fcr klinische Sozialarbeit<\/li><\/ul>\n\n\n\n<p><strong>Kontakt:<\/strong><\/p>\n\n\n\n<p>E-Mail: <a href=\"mailto:cr@therapie-und-mehr.at\">cr@therapie-und-mehr.at<\/a><br>Telefon: 0676-604 15 02<br>Tarife und Termine nach Vereinbarung<\/p>\n","protected":false},"excerpt":{"rendered":"<p>Fach\u00e4rztin f\u00fcr Psychiatrie und psychotherapeutische Medizin(Zusatzfach: Geriatrie),Fortbildungsdiplom der \u00d6sterreichischen \u00c4rztekammer (\u00d6\u00c4K),\u00d6\u00c4K-Diplom f\u00fcr Geriatrie und Palliativmedizin Psychotherapeutin: katathym-imaginative Psychotherapie\/KIP,Schematherapie (Supervisorin und Trainerin) und Imagery Rescripting &amp; Reprocessing Therapy\/IRRT (Supervisionskandidatin) Zielgruppen: Erwachsene \u00e4ltere Menschen Paare Schwerpunkte: ADHS bei Erwachsenen Alkoholerkrankung (Diagnostik und Therapie) \u00c4ngste\/Panik\/Zw\u00e4nge Burnout-Symptomatik bipolare Erkrankung Demenzabkl\u00e4rung Depression Lebenskrisen Pers\u00f6nlichkeitsst\u00f6rungen, Borderline-St\u00f6rungen Psychosen psychosomatische Erkrankungen Trauma (Zustand [&hellip;]<\/p>\n","protected":false},"author":1,"featured_media":0,"parent":0,"menu_order":0,"comment_status":"closed","ping_status":"closed","template":"","meta":[],"_links":{"self":[{"href":"https:\/\/therapie-und-mehr.at\/index.php?rest_route=\/wp\/v2\/pages\/125"}],"collection":[{"href":"https:\/\/therapie-und-mehr.at\/index.php?rest_route=\/wp\/v2\/pages"}],"about":[{"href":"https:\/\/therapie-und-mehr.at\/index.php?rest_route=\/wp\/v2\/types\/page"}],"author":[{"embeddable":true,"href":"https:\/\/therapie-und-mehr.at\/index.php?rest_route=\/wp\/v2\/users\/1"}],"replies":[{"embeddable":true,"href":"https:\/\/therapie-und-mehr.at\/index.php?rest_route=%2Fwp%2Fv2%2Fcomments&post=125"}],"version-history":[{"count":12,"href":"https:\/\/therapie-und-mehr.at\/index.php?rest_route=\/wp\/v2\/pages\/125\/revisions"}],"predecessor-version":[{"id":441,"href":"https:\/\/therapie-und-mehr.at\/index.php?rest_route=\/wp\/v2\/pages\/125\/revisions\/441"}],"wp:attachment":[{"href":"https:\/\/therapie-und-mehr.at\/index.php?rest_route=%2Fwp%2Fv2%2Fmedia&parent=125"}],"curies":[{"name":"wp","href":"https:\/\/api.w.org\/{rel}","templated":true}]}}