{"id":126,"date":"2021-10-13T17:08:35","date_gmt":"2021-10-13T17:08:35","guid":{"rendered":"https:\/\/therapie-und-mehr.at\/?page_id=126"},"modified":"2022-05-29T20:51:26","modified_gmt":"2022-05-29T20:51:26","slug":"maria-stark","status":"publish","type":"page","link":"https:\/\/therapie-und-mehr.at\/?page_id=126","title":{"rendered":"Maria Stark, MSc"},"content":{"rendered":"\n<div class=\"wp-block-media-text alignwide is-stacked-on-mobile\" style=\"grid-template-columns:30% auto\"><figure class=\"wp-block-media-text__media\"><img decoding=\"async\" loading=\"lazy\" width=\"150\" height=\"226\" src=\"https:\/\/therapie-und-mehr.at\/wp-content\/uploads\/2021\/10\/stark.jpg\" alt=\"\" class=\"wp-image-204 size-full\"\/><\/figure><div class=\"wp-block-media-text__content\">\n<p>Psychotherapeutin (Psychodrama)<br>Selbsterfahrung<br>Beratung<br>Entspannungstraining (PMR) <\/p>\n\n\n\n<p><strong>Setting:<\/strong> Einzel, Paare, Gruppen <\/p>\n<\/div><\/div>\n\n\n\n<p><strong>Mein Angebot:<\/strong><\/p>\n\n\n\n<div class=\"is-layout-flex wp-block-buttons\">\n<div class=\"wp-block-button has-custom-font-size has-small-font-size\"><a class=\"wp-block-button__link\" href=\"https:\/\/therapie-und-mehr.at\/?page_id=26\">Psychodrama<\/a><\/div>\n<\/div>\n\n\n\n<p><\/p>\n\n\n\n<p><strong>Arbeitsschwerpunkte:<\/strong><\/p>\n\n\n\n<p>\u2022 Belastungen durch Beruf oder Arbeitslosigkeit<br>\u2022 Panikattacken, \u00c4ngste<br>\u2022 Tod \/ Trauerbegleitung<br>\u2022 Psychosomatische Beschwerden, Schlafst\u00f6rungen<br>\u2022 Depression, Burnout<br>\u2022 Partnerschaft und Sexualit\u00e4t<br>\u2022 Trauma<br>\u2022 Beratung und Begleitung f\u00fcr Angeh\u00f6rige psychisch kranker oder s\u00fcchtiger Menschen<\/p>\n\n\n\n<p><strong>Homepage:<\/strong> <a href=\"http:\/\/www.psychotherapie-stark.at\" target=\"_blank\" rel=\"noreferrer noopener\">www.psychotherapie-stark.at<\/a><\/p>\n\n\n\n<p><strong>Kontakt:<\/strong><br>E -Mail: <a href=\"mailto:ms@therapie-und-mehr.at\">ms@therapie-und-mehr.at<\/a><br>Telefon: 0680 501 55 33<\/p>\n\n\n\n<p><strong>Ausbildung<\/strong><br>Handelsakademie Wien 13. mit Matura<br>2004\u20132007 Psychotherapeutisches Prop\u00e4deutikum \/ Lehranstalt der Erzdi\u00f6zese Wien f\u00fcr Berufst\u00e4tige<br>Master-Studium bei \u00d6AGG (Fachsektion Psychodrama) und Donau-Universit\u00e4t Krems, Department f\u00fcr Psychotherapie und Biopsychosoziale Gesundheit, Abschluss 02\/2020 <\/p>\n\n\n\n<p><strong>Erfahrungen im psychotherapeutischen und psychosozialen Bereich:<\/strong><br>2006\u20132007 Hospiz Kaiserm\u00fchlen (gerontopsychosoziale Betreuung von Schwerkranken)<br>2005\u20132007 Telefonseelsorge Wien (Krisenintervention und Beratung)<br>04\/2009\u201306\/2009 Gerontopsychiatrie Sozialmedizinisches Zentrum Ost, Wien<br>07\/2011\u201309\/2011 Psychosomatisches Zentrum Waldviertel, Eggenburg<br>07\/2012\u201306\/2014 Co-Leitung einer psychotherapeutischen Jahresgruppe f\u00fcr Erwachsen in freier Praxis<br>Seit 05\/2014 freie Praxis (Einzel und Gruppen)<\/p>\n\n\n\n<p><strong>Erfahrungen in der Wirtschaft<\/strong><br>1986\u20131991 Warner-Lambert Konzern \u2013 Einkauf und Distribution, Arzneimittelzulassung<br>1991\u20131999 Chase Manhattan Bank\/Credit Lyonnais (jetzt: Anglo Irish Bank) Kreditabteilung<br>1999\u20132007 B\u00f6hler &#8211; Uddeholm AG (jetzt: voestalpine) \u2013 Vorstandsassistentin, Treasury<br> 2007-2019 Siemens Convergence Creators \u2013 Assistentin der Gesch\u00e4ftsleitung <br> seit 09\/2019 D.A.S. Rechtsschutz AG &#8211; Vetrieb und Recruiting (Teilzeit) <\/p>\n\n\n\n<p>Termine und Tarife auf Anfrage<\/p>\n","protected":false},"excerpt":{"rendered":"<p>Psychotherapeutin (Psychodrama)SelbsterfahrungBeratungEntspannungstraining (PMR) Setting: Einzel, Paare, Gruppen Mein Angebot: Arbeitsschwerpunkte: \u2022 Belastungen durch Beruf oder Arbeitslosigkeit\u2022 Panikattacken, \u00c4ngste\u2022 Tod \/ Trauerbegleitung\u2022 Psychosomatische Beschwerden, Schlafst\u00f6rungen\u2022 Depression, Burnout\u2022 Partnerschaft und Sexualit\u00e4t\u2022 Trauma\u2022 Beratung und Begleitung f\u00fcr Angeh\u00f6rige psychisch kranker oder s\u00fcchtiger Menschen Homepage: www.psychotherapie-stark.at Kontakt:E -Mail: ms@therapie-und-mehr.atTelefon: 0680 501 55 33 AusbildungHandelsakademie Wien 13. mit Matura2004\u20132007 Psychotherapeutisches [&hellip;]<\/p>\n","protected":false},"author":1,"featured_media":0,"parent":0,"menu_order":0,"comment_status":"closed","ping_status":"closed","template":"","meta":[],"_links":{"self":[{"href":"https:\/\/therapie-und-mehr.at\/index.php?rest_route=\/wp\/v2\/pages\/126"}],"collection":[{"href":"https:\/\/therapie-und-mehr.at\/index.php?rest_route=\/wp\/v2\/pages"}],"about":[{"href":"https:\/\/therapie-und-mehr.at\/index.php?rest_route=\/wp\/v2\/types\/page"}],"author":[{"embeddable":true,"href":"https:\/\/therapie-und-mehr.at\/index.php?rest_route=\/wp\/v2\/users\/1"}],"replies":[{"embeddable":true,"href":"https:\/\/therapie-und-mehr.at\/index.php?rest_route=%2Fwp%2Fv2%2Fcomments&post=126"}],"version-history":[{"count":11,"href":"https:\/\/therapie-und-mehr.at\/index.php?rest_route=\/wp\/v2\/pages\/126\/revisions"}],"predecessor-version":[{"id":443,"href":"https:\/\/therapie-und-mehr.at\/index.php?rest_route=\/wp\/v2\/pages\/126\/revisions\/443"}],"wp:attachment":[{"href":"https:\/\/therapie-und-mehr.at\/index.php?rest_route=%2Fwp%2Fv2%2Fmedia&parent=126"}],"curies":[{"name":"wp","href":"https:\/\/api.w.org\/{rel}","templated":true}]}}