{"id":13,"date":"2021-03-31T18:15:16","date_gmt":"2021-03-31T18:15:16","guid":{"rendered":"https:\/\/therapie-und-mehr.at\/?page_id=13"},"modified":"2021-11-30T20:17:07","modified_gmt":"2021-11-30T20:17:07","slug":"links","status":"publish","type":"page","link":"https:\/\/therapie-und-mehr.at\/?page_id=13","title":{"rendered":"Links"},"content":{"rendered":"\n<p>Der Autor erkl\u00e4rt ausdr\u00fccklich, dass zum Zeitpunkt der Linksetzung die entsprechenden verlinkten Seiten frei von illegalen Inhalten waren. Der Autor hat keinerlei Einfluss auf die aktuelle und zuk\u00fcnftige Gestaltung und auf die Inhalte der gelinkten\/verkn\u00fcpften Seiten. Deshalb distanziert er sich hiermit ausdr\u00fccklich von allen Inhalten aller gelinkten\/verkn\u00fcpften Seiten, die nach der<br>Linksetzung ver\u00e4ndert wurden. Diese Feststellung gilt f\u00fcr alle innerhalb des eigenen Internetangebotes gesetzten Links und Verweise sowie f\u00fcr Fremdeintr\u00e4ge in vom Autor eingerichteten G\u00e4steb\u00fcchern, Diskussionsforen und Mailinglisten. F\u00fcr illegale, fehlerhafte oder unvollst\u00e4ndige Inhalte und insbesondere f\u00fcr Sch\u00e4den, die aus der Nutzung oder Nichtnutzung solcherart dargebotener Informationen entstehen, haftet allein der Anbieter der Seite, auf welche verwiesen wurde. <\/p>\n\n\n\n<div class=\"is-layout-flex wp-container-3 wp-block-columns\">\n<div class=\"is-layout-flow wp-block-column\" style=\"flex-basis:100%\">\n<div class=\"is-layout-flow wp-block-group\"><div class=\"wp-block-group__inner-container\">\n<figure class=\"wp-block-table\"><table><tbody><tr><td><strong>Dr. Elisabeth Hofmann<\/strong><br>Fach\u00e4rztin f\u00fcr innere Medizin und Rheumatologie<br>Ordination: Theresiengasse 50, 1180 Wien<br><a rel=\"noreferrer noopener\" href=\"http:\/\/www.dr-hofmann.at\" target=\"_blank\">http:\/\/www.dr-hofmann.at<\/a><br>Telefon: 409 36 82<br>E-Mail: <a href=\"mailto:praxis@dr-hofmann.at\">praxis@dr-hofmann.at<\/a><br> <\/td><td><\/td><td><\/td><td><\/td><td><strong>Dr. Teresa Weber-R\u00f6ssler<\/strong><br>Allgemeinmedizinerin und Fach\u00e4rztin f\u00fcr Frauenheilkunde und Geburtshilfe, Psychotherapeutin (konzentrative Bewegungstherapie), \u00d6\u00c4K-Diplom f\u00fcr psychotherapeutische Medizin, Sexualtherapie<br><a rel=\"noreferrer noopener\" href=\"http:\/\/www.weber-roessler.at\" target=\"_blank\">http:\/\/www.weber-roessler.at<\/a><br>Telefon: 290 27 32<br>E-Mail: <a href=\"mailto:ordination@weber-roessler.at\">ordination@weber-roessler.at<\/a><br>Ordination: 1210 Wien-Stammersdorf, Hagenbrunner Stra\u00dfe 11  <\/td><\/tr><tr><td><strong>Dr. Zorica Petrovic<\/strong><br>Fach\u00e4rztin f\u00fcr Urologie, F.E.B.U. (europ\u00e4ische Facharztpr\u00fcfung), spezialisiert auf Inkontinenz, Bettn\u00e4sserkinder, weibliche Urologie<br>Ausbildung f\u00fcr Psychoonkologie ab 1\/2011<br>Psychotherapeutin u.S. (Konzentrative Bewegungstherapie)<br><a rel=\"noreferrer noopener\" href=\"http:\/\/www.urologie-petrovic.at\" target=\"_blank\">http:\/\/www.urologie-petrovic.at<\/a><br>Telefon: 0699-126 38 507<br>E-Mail: <a href=\"mailto:ordination@urologie-petrovic.at\">ordination@urologie-petrovic.at<\/a><br>Ordination: 1180 Wien, Schopenhauerstra\u00dfe 64\/2-4  <\/td><td><\/td><td><\/td><td><\/td><td><strong>Psychotherapienetzwerk: <\/strong><a rel=\"noreferrer noopener\" href=\"http:\/\/www.psychotherapienetzwerk.at\" target=\"_blank\">http:\/\/www.psychotherapienetzwerk.at<\/a> <\/td><\/tr><tr><td><strong>Dr. Karin Hartelm\u00fcller<\/strong><br>Allgemeinmedizinerin und Fach\u00e4rztin f\u00fcr An\u00e4sthesie und Intensivmedizin, \u00d6\u00c4K-Diplom f\u00fcr spezielle Schmerztherapie und f\u00fcr Ganzheitsmedizin<br>Traditionelle chinesische Medizin<br>Ordination: 1210 Wien, Schwaigergasse 35\/Hofgeb\u00e4ude<br>Telefon: 0650-861 21 25<br>E-Mail: <a href=\"mailto:karin.hartelmueller@kabelnet.at\">karin.hartelmueller@kabelnet.at<\/a>  <\/td><td><\/td><td><\/td><td><\/td><td><strong>Dr. Doris Heu<\/strong><br>Allgemeinmedizinerin mit \u00d6\u00c4K-Diplom f\u00fcr Hom\u00f6opathie<br>Ordination:<br>1130 Wien, Furtw\u00e4nglerplatz 8 und<br>1210 Wien, Prager Stra\u00dfe 92\/7\/23<br><a rel=\"noreferrer noopener\" href=\"http:\/\/www.dr-doris-heu.at\" target=\"_blank\">http:\/\/www.dr-doris-heu.at<\/a><br>E-Mail: <a href=\"mailto:dorisheu@gmx.at\">dorisheu@gmx.at<\/a><br>Tel.: 0676-414 04 51 und 01-270 66 32 <\/td><\/tr><tr><td> <strong>Dr. Charles Allen<\/strong><br>Facharzt f\u00fcr Neurologie und Psychiatrie, \u00d6\u00c4K-Diplome: Akupunktur, Geriatrie, manuelle Medizin, Neuraltherapie, Palliativmedizin, psychosomatische Medizin, psychosoziale Medizin, psychotherapeutische Medizin. Kassenordination.<br>Ordination: Hermann-Bahr-Stra\u00dfe 4, 1210 Wien<br>Telefon: 01-272 51 12  <\/td><td><\/td><td><\/td><td><\/td><td> <strong>Andrea Schrenk, BEd MSc<\/strong><br>Coaching, Organisationsberatung, Burnout-Pr\u00e4vention gepr. und zert. Burnout-Lotse<br><a rel=\"noreferrer noopener\" href=\"http:\/\/www.andreaschrenk.at\" target=\"_blank\">http:\/\/www.andreaschrenk.at<\/a><br>Telefon: 0664-330 49 85<br>E-Mail: <a href=\"mailto:office@andreaschrenk.at\">office@andreaschrenk.at<\/a>  <\/td><\/tr><tr><td><strong>Dr. Christine Allen<\/strong><br>Fach\u00e4rztin f\u00fcr Psychiatrie und<br>psychotherapeutische Medizin<br>Ordination: Hernalser Hauptstra\u00dfe 20-22\/7b, 1170 Wien<br>Telefon: +43\/(0) 1\/ 406 1194 Fax: +43\/(0) 1\/ 408 96 77<br><a rel=\"noreferrer noopener\" href=\"http:\/\/www.diepsychiaterin.at\" target=\"_blank\">http:\/\/www.diepsychiaterin.at<\/a> <\/td><td><\/td><td><\/td><td><\/td><td><strong>Martina Felfernig<\/strong><br>Dipl. Energetikerin-Plus<br>Peter Hess\u00ae-Klangmassagenpraktikerin Practitioner f\u00fcr Reconnective Healing\u00ae<br>und The Reconnection\u00ae<br>Krallgasse 25, 2201 Gerasdorf<br>Telefon: 0680-40 29 960<br>E-Mail: <a href=\"mailto:klang@martinafelfernig.at\">klang@martinafelfernig.at<\/a><br><a rel=\"noreferrer noopener\" href=\"http:\/\/www.martinafelfernig.at\" target=\"_blank\">http:\/\/www.martinafelfernig.at<\/a> <\/td><\/tr><tr><td><strong>Henriette Mikl\u00f3s<\/strong><br>Diplomierte Shiatsu-Therapeutin<br>Berggasse 5a, 2130 Mistelbach<br>Telefon: 0699-11 99 44 28<br>E-Mail: <a href=\"mailto:office@meridianmoves.at\">office@meridianmoves.at<\/a><br><a rel=\"noreferrer noopener\" href=\"http:\/\/www.meridianmoves.at\" target=\"_blank\">http:\/\/www.meridianmoves.at<\/a>  <\/td><td><\/td><td><\/td><td><\/td><td><\/td><\/tr><\/tbody><\/table><\/figure>\n<\/div><\/div>\n<\/div>\n<\/div>\n","protected":false},"excerpt":{"rendered":"<p>Der Autor erkl\u00e4rt ausdr\u00fccklich, dass zum Zeitpunkt der Linksetzung die entsprechenden verlinkten Seiten frei von illegalen Inhalten waren. Der Autor hat keinerlei Einfluss auf die aktuelle und zuk\u00fcnftige Gestaltung und auf die Inhalte der gelinkten\/verkn\u00fcpften Seiten. Deshalb distanziert er sich hiermit ausdr\u00fccklich von allen Inhalten aller gelinkten\/verkn\u00fcpften Seiten, die nach derLinksetzung ver\u00e4ndert wurden. Diese Feststellung [&hellip;]<\/p>\n","protected":false},"author":1,"featured_media":0,"parent":0,"menu_order":0,"comment_status":"closed","ping_status":"closed","template":"","meta":[],"_links":{"self":[{"href":"https:\/\/therapie-und-mehr.at\/index.php?rest_route=\/wp\/v2\/pages\/13"}],"collection":[{"href":"https:\/\/therapie-und-mehr.at\/index.php?rest_route=\/wp\/v2\/pages"}],"about":[{"href":"https:\/\/therapie-und-mehr.at\/index.php?rest_route=\/wp\/v2\/types\/page"}],"author":[{"embeddable":true,"href":"https:\/\/therapie-und-mehr.at\/index.php?rest_route=\/wp\/v2\/users\/1"}],"replies":[{"embeddable":true,"href":"https:\/\/therapie-und-mehr.at\/index.php?rest_route=%2Fwp%2Fv2%2Fcomments&post=13"}],"version-history":[{"count":8,"href":"https:\/\/therapie-und-mehr.at\/index.php?rest_route=\/wp\/v2\/pages\/13\/revisions"}],"predecessor-version":[{"id":287,"href":"https:\/\/therapie-und-mehr.at\/index.php?rest_route=\/wp\/v2\/pages\/13\/revisions\/287"}],"wp:attachment":[{"href":"https:\/\/therapie-und-mehr.at\/index.php?rest_route=%2Fwp%2Fv2%2Fmedia&parent=13"}],"curies":[{"name":"wp","href":"https:\/\/api.w.org\/{rel}","templated":true}]}}