{"id":15,"date":"2021-03-31T18:15:16","date_gmt":"2021-03-31T18:15:16","guid":{"rendered":"https:\/\/therapie-und-mehr.at\/?page_id=15"},"modified":"2022-03-08T13:37:58","modified_gmt":"2022-03-08T13:37:58","slug":"aerztliche-hilfe","status":"publish","type":"page","link":"https:\/\/therapie-und-mehr.at\/?page_id=15","title":{"rendered":"\u00c4rztliche Hilfe"},"content":{"rendered":"\n<p>Bei psychischen Erkrankungen, seelischen Beeintr\u00e4chtigungen sowie auch bei zwischenzeitlichen Krisen.<\/p>\n\n\n\n<p>Die Behandlung findet meist in der Form statt, dass die Psychiaterin\/der Psychiater sich in einem ersten Gespr\u00e4ch \u00fcber das aktuelle Problem orientiert, die Situation eventuell kl\u00e4rt und weitere Bew\u00e4ltigungsm\u00f6glichkeiten bespricht, d.h. ob eine medikament\u00f6se Behandlung und\/oder Psychotherapie und\/oder andere therapeutische Alternativen hilfreich w\u00e4ren.<\/p>\n\n\n\n<p><strong>Was tut die Psychiatrie?<\/strong><\/p>\n\n\n\n<p>Psychiatrie ist ein Teilgebiet der Medizin und hilft den Menschen insbesondere bei folgenden Problemen oder Leiden:<\/p>\n\n\n\n<ul><li>Angstst\u00f6rungen<\/li><li>Bew\u00e4ltigung von Krisen<\/li><li>bipolare Erkrankung<br>(fr\u00fcher: manisch-depressive Erkrankung)<\/li><li>Burnout-Syndrom<\/li><li>Demenz<\/li><li>Depressionen<\/li><li>Essst\u00f6rungen<\/li><li>Pers\u00f6nlichkeitsst\u00f6rungen, Borderline-St\u00f6rungen<\/li><li>psychosomatische Erkrankungen<\/li><li>Schizophrenie, Psychose<\/li><li>Suchterkrankungen<\/li><li>Suizidalit\u00e4t (Selbstt\u00f6tungsgedanken)<\/li><li>Traumatisierung (seelische Verletzungen)<\/li><li>Zwangshandlungen und Zwangsgedanken<\/li><\/ul>\n\n\n\n<div class=\"is-layout-flex wp-block-buttons\">\n<div class=\"wp-block-button has-custom-font-size is-style-fill has-small-font-size\"><a class=\"wp-block-button__link\" href=\"https:\/\/therapie-und-mehr.at\/?page_id=125\">Dr. Christiane Richter<\/a><\/div>\n<\/div>\n\n\n\n<p><\/p>\n","protected":false},"excerpt":{"rendered":"<p>Bei psychischen Erkrankungen, seelischen Beeintr\u00e4chtigungen sowie auch bei zwischenzeitlichen Krisen. Die Behandlung findet meist in der Form statt, dass die Psychiaterin\/der Psychiater sich in einem ersten Gespr\u00e4ch \u00fcber das aktuelle Problem orientiert, die Situation eventuell kl\u00e4rt und weitere Bew\u00e4ltigungsm\u00f6glichkeiten bespricht, d.h. ob eine medikament\u00f6se Behandlung und\/oder Psychotherapie und\/oder andere therapeutische Alternativen hilfreich w\u00e4ren. Was tut [&hellip;]<\/p>\n","protected":false},"author":1,"featured_media":0,"parent":0,"menu_order":0,"comment_status":"closed","ping_status":"closed","template":"","meta":[],"_links":{"self":[{"href":"https:\/\/therapie-und-mehr.at\/index.php?rest_route=\/wp\/v2\/pages\/15"}],"collection":[{"href":"https:\/\/therapie-und-mehr.at\/index.php?rest_route=\/wp\/v2\/pages"}],"about":[{"href":"https:\/\/therapie-und-mehr.at\/index.php?rest_route=\/wp\/v2\/types\/page"}],"author":[{"embeddable":true,"href":"https:\/\/therapie-und-mehr.at\/index.php?rest_route=\/wp\/v2\/users\/1"}],"replies":[{"embeddable":true,"href":"https:\/\/therapie-und-mehr.at\/index.php?rest_route=%2Fwp%2Fv2%2Fcomments&post=15"}],"version-history":[{"count":8,"href":"https:\/\/therapie-und-mehr.at\/index.php?rest_route=\/wp\/v2\/pages\/15\/revisions"}],"predecessor-version":[{"id":371,"href":"https:\/\/therapie-und-mehr.at\/index.php?rest_route=\/wp\/v2\/pages\/15\/revisions\/371"}],"wp:attachment":[{"href":"https:\/\/therapie-und-mehr.at\/index.php?rest_route=%2Fwp%2Fv2%2Fmedia&parent=15"}],"curies":[{"name":"wp","href":"https:\/\/api.w.org\/{rel}","templated":true}]}}