{"id":16,"date":"2021-03-31T18:15:16","date_gmt":"2021-03-31T18:15:16","guid":{"rendered":"https:\/\/therapie-und-mehr.at\/?page_id=16"},"modified":"2023-02-02T15:46:25","modified_gmt":"2023-02-02T15:46:25","slug":"psychotherapie","status":"publish","type":"page","link":"https:\/\/therapie-und-mehr.at\/?page_id=16","title":{"rendered":"Psychotherapie"},"content":{"rendered":"\n<p>Ziel einer psychotherapeutischen Behandlung ist es, bestehende Symptome und Leidenszust\u00e4nde zu mindern oder zu beseitigen und zu Reifung, Entwicklung und Gesundheit zu verhelfen.<\/p>\n\n\n\n<p>Durch die Auseinandersetzung mit sich selbst gelingt es, den allt\u00e4glichen Herausforderungen aufmerksamer und differenzierter zu begegnen und sie mit neuen, ver\u00e4nderten Strategien zu bew\u00e4ltigen.<\/p>\n\n\n\n<p>Die Basis einer wirksamen Psychotherapie ist eine vertrauensvolle Atmosph\u00e4re, in der sich der Klient oder die Klientin der Therapeutin im Wissen um deren absolute Verschwiegenheit \u00f6ffnen kann. So entsteht ein sicherer Rahmen, durch den es m\u00f6glich wird, andere Blickwinkel einzunehmen, neue Perspektiven auszuprobieren und alte Denk- und Handlungsmuster abzul\u00f6sen.<\/p>\n\n\n\n<div class=\"is-layout-flex wp-block-buttons\">\n<div class=\"wp-block-button has-custom-font-size has-small-font-size\"><a class=\"wp-block-button__link wp-element-button\" href=\"https:\/\/therapie-und-mehr.at\/?page_id=75\">Doris Boland-Skiera, MSc<\/a><\/div>\n<\/div>\n\n\n\n<div class=\"is-layout-flex wp-block-buttons\">\n<div class=\"wp-block-button has-custom-font-size has-small-font-size\"><a class=\"wp-block-button__link wp-element-button\" href=\"https:\/\/therapie-und-mehr.at\/?page_id=76\">Mag.a Marianna Grigorijan<\/a><\/div>\n<\/div>\n\n\n\n<div class=\"is-layout-flex wp-block-buttons\">\n<div class=\"wp-block-button has-custom-font-size has-small-font-size\"><a class=\"wp-block-button__link wp-element-button\" href=\"https:\/\/therapie-und-mehr.at\/?page_id=474\">DI.in Natalie Kirchbaumer<\/a><\/div>\n<\/div>\n\n\n\n<div class=\"is-layout-flex wp-block-buttons\">\n<div class=\"wp-block-button has-custom-font-size has-small-font-size\"><a class=\"wp-block-button__link wp-element-button\" href=\"https:\/\/therapie-und-mehr.at\/?page_id=125\">Dr. Christiane Richter<\/a><\/div>\n<\/div>\n\n\n\n<div class=\"is-layout-flex wp-block-buttons\">\n<div class=\"wp-block-button has-custom-font-size has-small-font-size\"><a class=\"wp-block-button__link wp-element-button\" href=\"https:\/\/therapie-und-mehr.at\/?page_id=126\">Maria Stark, MSc<\/a><\/div>\n<\/div>\n\n\n\n<div class=\"is-layout-flex wp-block-buttons\">\n<div class=\"wp-block-button has-custom-font-size has-small-font-size\"><a class=\"wp-block-button__link wp-element-button\" href=\"https:\/\/therapie-und-mehr.at\/?page_id=129\">Mag.a (FH) Angelika Wei\u00df, MSc<\/a><\/div>\n<\/div>\n\n\n\n<p><\/p>\n\n\n\n<p>Die Psychotherapie arbeitet dabei mit unterschiedlichen Ans\u00e4tzen und Methoden:<\/p>\n\n\n\n<div class=\"is-layout-flex wp-block-buttons\">\n<div class=\"wp-block-button has-custom-font-size has-small-font-size\"><a class=\"wp-block-button__link wp-element-button\" href=\"https:\/\/therapie-und-mehr.at\/?page_id=21\">Altersgruppen<\/a><\/div>\n<\/div>\n\n\n\n<p><\/p>\n\n\n\n<div class=\"is-layout-flex wp-block-buttons\">\n<div class=\"wp-block-button has-custom-font-size has-small-font-size\"><a class=\"wp-block-button__link wp-element-button\" href=\"https:\/\/therapie-und-mehr.at\/?page_id=22\">Hypnosepsychotherapie<\/a><\/div>\n<\/div>\n\n\n\n<div class=\"is-layout-flex wp-block-buttons\">\n<div class=\"wp-block-button has-custom-font-size has-small-font-size\"><a class=\"wp-block-button__link wp-element-button\" href=\"https:\/\/therapie-und-mehr.at\/?page_id=23\">IRRT<\/a><\/div>\n<\/div>\n\n\n\n<div class=\"is-layout-flex wp-block-buttons\">\n<div class=\"wp-block-button has-custom-font-size has-small-font-size\"><a class=\"wp-block-button__link wp-element-button\" href=\"https:\/\/therapie-und-mehr.at\/?page_id=26\">Psychodrama<\/a><\/div>\n<\/div>\n\n\n\n<div class=\"is-layout-flex wp-block-buttons\">\n<div class=\"wp-block-button has-custom-font-size has-small-font-size\"><a class=\"wp-block-button__link wp-element-button\" href=\"https:\/\/therapie-und-mehr.at\/?page_id=29\">Schematherapie<\/a><\/div>\n<\/div>\n\n\n\n<div class=\"is-layout-flex wp-block-buttons\">\n<div class=\"wp-block-button has-custom-font-size has-small-font-size\"><a class=\"wp-block-button__link wp-element-button\" href=\"https:\/\/therapie-und-mehr.at\/?page_id=28\">EMDR<\/a><\/div>\n<\/div>\n\n\n\n<div class=\"is-layout-flex wp-block-buttons\">\n<div class=\"wp-block-button has-custom-font-size has-small-font-size\"><a class=\"wp-block-button__link wp-element-button\" href=\"https:\/\/therapie-und-mehr.at\/?page_id=168\">Gestalttherapie<\/a><\/div>\n<\/div>\n\n\n\n<div class=\"is-layout-flex wp-block-buttons\">\n<div class=\"wp-block-button has-custom-font-size has-small-font-size\"><a class=\"wp-block-button__link wp-element-button\" href=\"https:\/\/therapie-und-mehr.at\/?page_id=24\">KIP<\/a><\/div>\n<\/div>\n\n\n\n<p><\/p>\n","protected":false},"excerpt":{"rendered":"<p>Ziel einer psychotherapeutischen Behandlung ist es, bestehende Symptome und Leidenszust\u00e4nde zu mindern oder zu beseitigen und zu Reifung, Entwicklung und Gesundheit zu verhelfen. Durch die Auseinandersetzung mit sich selbst gelingt es, den allt\u00e4glichen Herausforderungen aufmerksamer und differenzierter zu begegnen und sie mit neuen, ver\u00e4nderten Strategien zu bew\u00e4ltigen. Die Basis einer wirksamen Psychotherapie ist eine vertrauensvolle [&hellip;]<\/p>\n","protected":false},"author":1,"featured_media":0,"parent":0,"menu_order":0,"comment_status":"closed","ping_status":"closed","template":"","meta":[],"_links":{"self":[{"href":"https:\/\/therapie-und-mehr.at\/index.php?rest_route=\/wp\/v2\/pages\/16"}],"collection":[{"href":"https:\/\/therapie-und-mehr.at\/index.php?rest_route=\/wp\/v2\/pages"}],"about":[{"href":"https:\/\/therapie-und-mehr.at\/index.php?rest_route=\/wp\/v2\/types\/page"}],"author":[{"embeddable":true,"href":"https:\/\/therapie-und-mehr.at\/index.php?rest_route=\/wp\/v2\/users\/1"}],"replies":[{"embeddable":true,"href":"https:\/\/therapie-und-mehr.at\/index.php?rest_route=%2Fwp%2Fv2%2Fcomments&post=16"}],"version-history":[{"count":18,"href":"https:\/\/therapie-und-mehr.at\/index.php?rest_route=\/wp\/v2\/pages\/16\/revisions"}],"predecessor-version":[{"id":496,"href":"https:\/\/therapie-und-mehr.at\/index.php?rest_route=\/wp\/v2\/pages\/16\/revisions\/496"}],"wp:attachment":[{"href":"https:\/\/therapie-und-mehr.at\/index.php?rest_route=%2Fwp%2Fv2%2Fmedia&parent=16"}],"curies":[{"name":"wp","href":"https:\/\/api.w.org\/{rel}","templated":true}]}}