{"id":168,"date":"2021-10-13T17:35:39","date_gmt":"2021-10-13T17:35:39","guid":{"rendered":"https:\/\/therapie-und-mehr.at\/?page_id=168"},"modified":"2023-02-02T15:47:41","modified_gmt":"2023-02-02T15:47:41","slug":"gestalttherapie","status":"publish","type":"page","link":"https:\/\/therapie-und-mehr.at\/?page_id=168","title":{"rendered":"Gestalttherapie"},"content":{"rendered":"\n<p><strong>Was ist Gestalttherapie?<\/strong><\/p>\n\n\n\n<p>Die Gestalttherapie ist eine humanistische erlebnisorientierte und emotionsfokussierte Psychotherapie. Die Begr\u00fcnder sind Fritz Perls, Laura Perls und Paul Goodmann. In der Gestalttherapie wird es zur Aufgabe gemacht, die KlientInnen in ihrem individuellen Wachstum zu best\u00e4rken, damit sie ein selbstwirksames und lustvolles Leben f\u00fchren k\u00f6nnen.<\/p>\n\n\n\n<p>In der Therapiesitzung wird zun\u00e4chst erarbeitet, durch welche Mechanismen das Wachstumspotenzial der KlientInnen gebremst wird. Mithilfe verschiedener erlebnisfokussierter Methoden erleben die KlientInnen w\u00e4hrend der Stunde, dass hinter den anfangs sehr hindernden Mechanismen in Wirklichkeit verborgene Kr\u00e4fte stecken, welche dem Individuum das \u00dcberleben erm\u00f6glichen.<\/p>\n\n\n\n<p>Durch die W\u00fcrdigung dieser Kr\u00e4fte kommt das Individuum in Kontakt mit der eigenen F\u00e4higkeit, L\u00f6sungen (des Problems) f\u00fcr sich zu finden. Dieser Kontakt macht es m\u00f6glich, sich selbst, seine Mitmenschen und seine Umgebung so wahrzunehmen, dass die Unterst\u00fctzung sp\u00fcrbar wird, die sich daraus ziehen l\u00e4sst.<\/p>\n\n\n\n<div class=\"is-layout-constrained wp-block-group\"><div class=\"wp-block-group__inner-container\">\n<div class=\"is-layout-flex wp-block-buttons\">\n<div class=\"wp-block-button has-custom-font-size has-small-font-size\"><a class=\"wp-block-button__link wp-element-button\" href=\"https:\/\/therapie-und-mehr.at\/?page_id=76\">Mag.a Marianna Grigorijan<\/a><\/div>\n<\/div>\n\n\n\n<div class=\"is-layout-flex wp-block-buttons\">\n<div class=\"wp-block-button has-custom-font-size has-small-font-size\"><a class=\"wp-block-button__link wp-element-button\" href=\"https:\/\/therapie-und-mehr.at\/?page_id=474\">DI.in Natalie Kirchbaumer<\/a><\/div>\n<\/div>\n<\/div><\/div>\n","protected":false},"excerpt":{"rendered":"<p>Was ist Gestalttherapie? Die Gestalttherapie ist eine humanistische erlebnisorientierte und emotionsfokussierte Psychotherapie. Die Begr\u00fcnder sind Fritz Perls, Laura Perls und Paul Goodmann. In der Gestalttherapie wird es zur Aufgabe gemacht, die KlientInnen in ihrem individuellen Wachstum zu best\u00e4rken, damit sie ein selbstwirksames und lustvolles Leben f\u00fchren k\u00f6nnen. In der Therapiesitzung wird zun\u00e4chst erarbeitet, durch welche [&hellip;]<\/p>\n","protected":false},"author":1,"featured_media":0,"parent":0,"menu_order":0,"comment_status":"closed","ping_status":"closed","template":"","meta":[],"_links":{"self":[{"href":"https:\/\/therapie-und-mehr.at\/index.php?rest_route=\/wp\/v2\/pages\/168"}],"collection":[{"href":"https:\/\/therapie-und-mehr.at\/index.php?rest_route=\/wp\/v2\/pages"}],"about":[{"href":"https:\/\/therapie-und-mehr.at\/index.php?rest_route=\/wp\/v2\/types\/page"}],"author":[{"embeddable":true,"href":"https:\/\/therapie-und-mehr.at\/index.php?rest_route=\/wp\/v2\/users\/1"}],"replies":[{"embeddable":true,"href":"https:\/\/therapie-und-mehr.at\/index.php?rest_route=%2Fwp%2Fv2%2Fcomments&post=168"}],"version-history":[{"count":5,"href":"https:\/\/therapie-und-mehr.at\/index.php?rest_route=\/wp\/v2\/pages\/168\/revisions"}],"predecessor-version":[{"id":497,"href":"https:\/\/therapie-und-mehr.at\/index.php?rest_route=\/wp\/v2\/pages\/168\/revisions\/497"}],"wp:attachment":[{"href":"https:\/\/therapie-und-mehr.at\/index.php?rest_route=%2Fwp%2Fv2%2Fmedia&parent=168"}],"curies":[{"name":"wp","href":"https:\/\/api.w.org\/{rel}","templated":true}]}}