{"id":19,"date":"2021-03-31T18:15:16","date_gmt":"2021-03-31T18:15:16","guid":{"rendered":"https:\/\/therapie-und-mehr.at\/?page_id=19"},"modified":"2022-05-29T20:31:06","modified_gmt":"2022-05-29T20:31:06","slug":"mediation","status":"publish","type":"page","link":"https:\/\/therapie-und-mehr.at\/?page_id=19","title":{"rendered":"Mediation"},"content":{"rendered":"\n<p>Viele w\u00fcnschen sich ein friedliches Miteinander in der Familie oder im sozialen Umfeld. Bei entsprechenden Konflikten biete ich kl\u00e4rende Gespr\u00e4che an. Mediation ist ein bew\u00e4hrtes Vermittlungsverfahren, in dem Sie eine einvernehmliche und eigenverantwortliche Vereinbarung erarbeiten, die alle als fair und durchf\u00fchrbar ansehen. Sie bestimmen den Inhalt und das Ergebnis der Mediation. Als Mediatorin steuere ich den Ablauf und sorge f\u00fcr eine offene und angenehme Gespr\u00e4chsatmosph\u00e4re.<\/p>\n\n\n\n<div class=\"is-layout-flex wp-block-buttons\">\n<div class=\"wp-block-button has-custom-font-size has-small-font-size\"><a class=\"wp-block-button__link\" href=\"https:\/\/therapie-und-mehr.at\/?page_id=75\">Doris Boland-Skiera, MSc<\/a><\/div>\n<\/div>\n\n\n\n<p><\/p>\n","protected":false},"excerpt":{"rendered":"<p>Viele w\u00fcnschen sich ein friedliches Miteinander in der Familie oder im sozialen Umfeld. Bei entsprechenden Konflikten biete ich kl\u00e4rende Gespr\u00e4che an. Mediation ist ein bew\u00e4hrtes Vermittlungsverfahren, in dem Sie eine einvernehmliche und eigenverantwortliche Vereinbarung erarbeiten, die alle als fair und durchf\u00fchrbar ansehen. Sie bestimmen den Inhalt und das Ergebnis der Mediation. Als Mediatorin steuere ich [&hellip;]<\/p>\n","protected":false},"author":1,"featured_media":0,"parent":0,"menu_order":0,"comment_status":"closed","ping_status":"closed","template":"","meta":[],"_links":{"self":[{"href":"https:\/\/therapie-und-mehr.at\/index.php?rest_route=\/wp\/v2\/pages\/19"}],"collection":[{"href":"https:\/\/therapie-und-mehr.at\/index.php?rest_route=\/wp\/v2\/pages"}],"about":[{"href":"https:\/\/therapie-und-mehr.at\/index.php?rest_route=\/wp\/v2\/types\/page"}],"author":[{"embeddable":true,"href":"https:\/\/therapie-und-mehr.at\/index.php?rest_route=\/wp\/v2\/users\/1"}],"replies":[{"embeddable":true,"href":"https:\/\/therapie-und-mehr.at\/index.php?rest_route=%2Fwp%2Fv2%2Fcomments&post=19"}],"version-history":[{"count":4,"href":"https:\/\/therapie-und-mehr.at\/index.php?rest_route=\/wp\/v2\/pages\/19\/revisions"}],"predecessor-version":[{"id":424,"href":"https:\/\/therapie-und-mehr.at\/index.php?rest_route=\/wp\/v2\/pages\/19\/revisions\/424"}],"wp:attachment":[{"href":"https:\/\/therapie-und-mehr.at\/index.php?rest_route=%2Fwp%2Fv2%2Fmedia&parent=19"}],"curies":[{"name":"wp","href":"https:\/\/api.w.org\/{rel}","templated":true}]}}