{"id":24,"date":"2021-03-31T18:15:16","date_gmt":"2021-03-31T18:15:16","guid":{"rendered":"https:\/\/therapie-und-mehr.at\/?page_id=24"},"modified":"2022-03-08T13:52:42","modified_gmt":"2022-03-08T13:52:42","slug":"kip","status":"publish","type":"page","link":"https:\/\/therapie-und-mehr.at\/?page_id=24","title":{"rendered":"KIP"},"content":{"rendered":"\n<p><strong>katathym-imaginative Psychotherapie<\/strong><\/p>\n\n\n\n<p>Die katathym-imaginative Psychotherapie (KIP) ist eine tiefenpsychologisch fundierte Methode, in der &#8211; neben dem therapeutischen Gespr\u00e4ch &#8211; Tagtr\u00e4ume (sogenannte Imaginationen) dazu verwendet werden, um einen Zugang zu den eigenen unbewussten Phantasien, W\u00fcnschen und Konflikten herzustellen.<\/p>\n\n\n\n<p>Unter therapeutischer Anleitung und nach einer kurzen Entspannungsphase steigen dabei zu verschiedenen, meist vorgegebenen Motiven vor dem inneren Auge Bilder auf, die mit Gef\u00fchlen und Erinnerungen verbunden sind. Durch das Reisen in die innere Bilderwelt wird es m\u00f6glich, bisher unbekannte Zusammenh\u00e4nge zu verstehen und neue M\u00f6glichkeiten des Wahrnehmens, F\u00fchlens oder Handelns zu erfahren.<\/p>\n\n\n\n<div class=\"is-layout-flex wp-block-buttons\">\n<div class=\"wp-block-button has-custom-font-size has-small-font-size\"><a class=\"wp-block-button__link\" href=\"https:\/\/therapie-und-mehr.at\/?page_id=125\">Dr. Christiane Richter<\/a><\/div>\n<\/div>\n\n\n\n<p><\/p>\n\n\n\n<p>KIP eignet sich besonders gut zur Behandlung von Depressionen, Angst- oder Panikzust\u00e4nden, Zw\u00e4ngen, Beziehungsproblemen (Trennung, Ver\u00e4nderung, Krisen), Lebenskrisen, psychosomatischen Beschwerden und nach traumatischen Erfahrungen.<\/p>\n\n\n\n<p><\/p>\n","protected":false},"excerpt":{"rendered":"<p>katathym-imaginative Psychotherapie Die katathym-imaginative Psychotherapie (KIP) ist eine tiefenpsychologisch fundierte Methode, in der &#8211; neben dem therapeutischen Gespr\u00e4ch &#8211; Tagtr\u00e4ume (sogenannte Imaginationen) dazu verwendet werden, um einen Zugang zu den eigenen unbewussten Phantasien, W\u00fcnschen und Konflikten herzustellen. Unter therapeutischer Anleitung und nach einer kurzen Entspannungsphase steigen dabei zu verschiedenen, meist vorgegebenen Motiven vor dem inneren [&hellip;]<\/p>\n","protected":false},"author":1,"featured_media":0,"parent":0,"menu_order":0,"comment_status":"closed","ping_status":"closed","template":"","meta":[],"_links":{"self":[{"href":"https:\/\/therapie-und-mehr.at\/index.php?rest_route=\/wp\/v2\/pages\/24"}],"collection":[{"href":"https:\/\/therapie-und-mehr.at\/index.php?rest_route=\/wp\/v2\/pages"}],"about":[{"href":"https:\/\/therapie-und-mehr.at\/index.php?rest_route=\/wp\/v2\/types\/page"}],"author":[{"embeddable":true,"href":"https:\/\/therapie-und-mehr.at\/index.php?rest_route=\/wp\/v2\/users\/1"}],"replies":[{"embeddable":true,"href":"https:\/\/therapie-und-mehr.at\/index.php?rest_route=%2Fwp%2Fv2%2Fcomments&post=24"}],"version-history":[{"count":6,"href":"https:\/\/therapie-und-mehr.at\/index.php?rest_route=\/wp\/v2\/pages\/24\/revisions"}],"predecessor-version":[{"id":390,"href":"https:\/\/therapie-und-mehr.at\/index.php?rest_route=\/wp\/v2\/pages\/24\/revisions\/390"}],"wp:attachment":[{"href":"https:\/\/therapie-und-mehr.at\/index.php?rest_route=%2Fwp%2Fv2%2Fmedia&parent=24"}],"curies":[{"name":"wp","href":"https:\/\/api.w.org\/{rel}","templated":true}]}}