{"id":26,"date":"2021-03-31T18:15:16","date_gmt":"2021-03-31T18:15:16","guid":{"rendered":"https:\/\/therapie-und-mehr.at\/?page_id=26"},"modified":"2021-11-30T21:40:54","modified_gmt":"2021-11-30T21:40:54","slug":"psychodrama","status":"publish","type":"page","link":"https:\/\/therapie-und-mehr.at\/?page_id=26","title":{"rendered":"Psychodrama"},"content":{"rendered":"\n<p>Psychodrama setzt sich die Rollenerweiterung und Verbesserung der Spontanit\u00e4t zum Ziel. Spontanit\u00e4t wird von Jacob L. Moreno (1889-1974), dem Begr\u00fcnder des Psychodramas, als ad\u00e4quate Reaktion auf eine neue Situation oder eine neue Reaktion auf eine alte Situation bezeichnet. Demnach ist die eigene Reaktion auf immer wiederkehrende Situationen variierbar und dadurch k\u00f6nnen alte Handlungsmuster allm\u00e4hlich ver\u00e4ndert werden.<\/p>\n\n\n\n<p>Als eine Methode, die davon ausgeht, dass \u201eHandeln heilender als Reden\u201c ist, eignet sich das Psychodrama vor allem auch gut f\u00fcr Menschen, die ihre eigene schwierige Situation gut beschreiben und analysieren k\u00f6nnen, sich aber dennoch schwer tun, ihr Handeln zu ver\u00e4ndern. In der Therapie werden innere Bilder nach au\u00dfen gekehrt, Szenen aus dem Alltag oder fr\u00fche Erinnerung auf die B\u00fchne gebracht. Neue Handlungsalternativen werden nicht nur besprochen, sondern auch erprobt &#8211; und sind so besser integrierbar.<\/p>\n\n\n\n<p>F\u00fcr Kinder bietet diese handlungsorientierte Methode einen idealen spielerischen Zugang; sie erleben sich und die Welt mit und durch das Spiel und lassen an dieser Erlebniswelt Anteil nehmen.<\/p>\n\n\n\n<div class=\"is-layout-flex wp-block-buttons\">\n<div class=\"wp-block-button has-custom-font-size has-small-font-size\"><a class=\"wp-block-button__link\" href=\"https:\/\/therapie-und-mehr.at\/?page_id=75\">Doris Boland-Skiera, MSc<\/a><\/div>\n<\/div>\n\n\n\n<div class=\"is-layout-flex wp-block-buttons\">\n<div class=\"wp-block-button has-custom-font-size has-small-font-size\"><a class=\"wp-block-button__link\" href=\"https:\/\/therapie-und-mehr.at\/?page_id=126\">Maria Stark, MSc<\/a><\/div>\n<\/div>\n\n\n\n<p><\/p>\n\n\n\n<p>Weitere Informationen zur Methode Psychodrama: <\/p>\n\n\n\n<p> <a href=\"https:\/\/www.psychodrama-austria.at\/psychodrama\/psychodrama-methode\/\" target=\"_blank\" rel=\"noreferrer noopener\">https:\/\/www.psychodrama-austria.at\/psychodrama\/psychodrama-methode\/ <\/a><\/p>\n","protected":false},"excerpt":{"rendered":"<p>Psychodrama setzt sich die Rollenerweiterung und Verbesserung der Spontanit\u00e4t zum Ziel. Spontanit\u00e4t wird von Jacob L. Moreno (1889-1974), dem Begr\u00fcnder des Psychodramas, als ad\u00e4quate Reaktion auf eine neue Situation oder eine neue Reaktion auf eine alte Situation bezeichnet. Demnach ist die eigene Reaktion auf immer wiederkehrende Situationen variierbar und dadurch k\u00f6nnen alte Handlungsmuster allm\u00e4hlich ver\u00e4ndert [&hellip;]<\/p>\n","protected":false},"author":1,"featured_media":0,"parent":0,"menu_order":0,"comment_status":"closed","ping_status":"closed","template":"","meta":[],"_links":{"self":[{"href":"https:\/\/therapie-und-mehr.at\/index.php?rest_route=\/wp\/v2\/pages\/26"}],"collection":[{"href":"https:\/\/therapie-und-mehr.at\/index.php?rest_route=\/wp\/v2\/pages"}],"about":[{"href":"https:\/\/therapie-und-mehr.at\/index.php?rest_route=\/wp\/v2\/types\/page"}],"author":[{"embeddable":true,"href":"https:\/\/therapie-und-mehr.at\/index.php?rest_route=\/wp\/v2\/users\/1"}],"replies":[{"embeddable":true,"href":"https:\/\/therapie-und-mehr.at\/index.php?rest_route=%2Fwp%2Fv2%2Fcomments&post=26"}],"version-history":[{"count":7,"href":"https:\/\/therapie-und-mehr.at\/index.php?rest_route=\/wp\/v2\/pages\/26\/revisions"}],"predecessor-version":[{"id":328,"href":"https:\/\/therapie-und-mehr.at\/index.php?rest_route=\/wp\/v2\/pages\/26\/revisions\/328"}],"wp:attachment":[{"href":"https:\/\/therapie-und-mehr.at\/index.php?rest_route=%2Fwp%2Fv2%2Fmedia&parent=26"}],"curies":[{"name":"wp","href":"https:\/\/api.w.org\/{rel}","templated":true}]}}