{"id":28,"date":"2021-03-31T18:15:16","date_gmt":"2021-03-31T18:15:16","guid":{"rendered":"https:\/\/therapie-und-mehr.at\/?page_id=28"},"modified":"2022-03-08T13:49:32","modified_gmt":"2022-03-08T13:49:32","slug":"emdr","status":"publish","type":"page","link":"https:\/\/therapie-und-mehr.at\/?page_id=28","title":{"rendered":"EMDR"},"content":{"rendered":"\n<p>Die Technik des EMDR (<em>Eye Movement Desensitization and Reprocessing<\/em>) wurde von der kognitiven Verhaltenstherapeutin Francine Shapiro entwickelt. Sie entdeckte, dass belastende Erinnerungen schneller verarbeitet werden k\u00f6nnen, wenn der Prozess mit bilateraler Stimulation (abwechselnde Aktivierung der linken und rechten Gehirnh\u00e4lfte z.B. durch optische oder akustische Reize) unterst\u00fctzt wird. Shapiro entwickelte daraus unter Einbeziehung der kognitiven, emotionalen und k\u00f6rperlichen Ebene die Methode EMDR.<\/p>\n\n\n\n<p>EMDR wird zur Ressourcenaktivierung, Traumabew\u00e4ltigung, Suchtbehandlung, Behandlung von Zw\u00e4ngen, psychosomatischen Beschwerden, \u00c4ngsten und Phobien eingesetzt. EMDR braucht gewisse Voraussetzungen (Stabilit\u00e4t, F\u00e4higkeiten zur Gef\u00fchlsregulation\u2026) und sollte unbedingt in einen gesamttherapeutischen Prozess eingebettet sein.<\/p>\n\n\n\n<p>Weitere Informationen zu EMDR:<br><a href=\"http:\/\/www.emdria.de\" target=\"_blank\" rel=\"noreferrer noopener\">http:\/\/www.emdria.de<\/a><br><\/p>\n\n\n\n<div class=\"is-layout-flex wp-block-buttons\">\n<div class=\"wp-block-button has-custom-font-size has-small-font-size\"><a class=\"wp-block-button__link\" href=\"https:\/\/therapie-und-mehr.at\/?page_id=125\">Dr. Christiane Richter<\/a><\/div>\n<\/div>\n","protected":false},"excerpt":{"rendered":"<p>Die Technik des EMDR (Eye Movement Desensitization and Reprocessing) wurde von der kognitiven Verhaltenstherapeutin Francine Shapiro entwickelt. Sie entdeckte, dass belastende Erinnerungen schneller verarbeitet werden k\u00f6nnen, wenn der Prozess mit bilateraler Stimulation (abwechselnde Aktivierung der linken und rechten Gehirnh\u00e4lfte z.B. durch optische oder akustische Reize) unterst\u00fctzt wird. Shapiro entwickelte daraus unter Einbeziehung der kognitiven, emotionalen [&hellip;]<\/p>\n","protected":false},"author":1,"featured_media":0,"parent":0,"menu_order":0,"comment_status":"closed","ping_status":"closed","template":"","meta":[],"_links":{"self":[{"href":"https:\/\/therapie-und-mehr.at\/index.php?rest_route=\/wp\/v2\/pages\/28"}],"collection":[{"href":"https:\/\/therapie-und-mehr.at\/index.php?rest_route=\/wp\/v2\/pages"}],"about":[{"href":"https:\/\/therapie-und-mehr.at\/index.php?rest_route=\/wp\/v2\/types\/page"}],"author":[{"embeddable":true,"href":"https:\/\/therapie-und-mehr.at\/index.php?rest_route=\/wp\/v2\/users\/1"}],"replies":[{"embeddable":true,"href":"https:\/\/therapie-und-mehr.at\/index.php?rest_route=%2Fwp%2Fv2%2Fcomments&post=28"}],"version-history":[{"count":5,"href":"https:\/\/therapie-und-mehr.at\/index.php?rest_route=\/wp\/v2\/pages\/28\/revisions"}],"predecessor-version":[{"id":385,"href":"https:\/\/therapie-und-mehr.at\/index.php?rest_route=\/wp\/v2\/pages\/28\/revisions\/385"}],"wp:attachment":[{"href":"https:\/\/therapie-und-mehr.at\/index.php?rest_route=%2Fwp%2Fv2%2Fmedia&parent=28"}],"curies":[{"name":"wp","href":"https:\/\/api.w.org\/{rel}","templated":true}]}}