{"id":7,"date":"2021-03-31T18:15:16","date_gmt":"2021-03-31T18:15:16","guid":{"rendered":"https:\/\/therapie-und-mehr.at\/?page_id=7"},"modified":"2022-03-08T13:28:13","modified_gmt":"2022-03-08T13:28:13","slug":"unser-angebot","status":"publish","type":"page","link":"https:\/\/therapie-und-mehr.at\/?page_id=7","title":{"rendered":"Unser Angebot"},"content":{"rendered":"\n<p>Begriffsunterscheidung der diversen Berufe im &#8222;Psy&#8220;-Bereich > Definitionen:<br>Neurologie &#8211; Psychiatrie &#8211; Psychotherapie &#8211; Psychologie <\/p>\n\n\n\n<p><strong>Psychotherapeut\/Psychotherapeutin<\/strong> <\/p>\n\n\n\n<ul><li>Psychotherapie = Form der Behandlung von psychischen Erkrankungen oder psychosozial bedingten Leidenszust\u00e4nden <\/li><li>F\u00f6rderung von Reifung, Entwicklung und Gesundheit <\/li><li>viele Quellberufe m\u00f6glich (h\u00e4ufige sind: Medizin, Psychologie, Sozialarbeit, P\u00e4dagogik) <\/li><li>langj\u00e4hrige Ausbildung in einer von mehreren Psychotherapie-Schulen (d.h. Richtungen, derzeit sind in \u00d6sterreich 22 anerkannt) <\/li><li>keine Verschreibung von Medikamenten <\/li><\/ul>\n\n\n\n<p><strong>Psychologe\/Psychologin<\/strong><\/p>\n\n\n\n<ul><li>Absolvierung des Studiums der Psychologie<\/li><li>danach: 2 Postgraduate-Ausbildungen:<br>Gesundheitspsychologie: Herstellung einer gesundheitsf\u00f6rdernden Umgebung und Vermeidung von Schadensfolgen (Pr\u00e4vention)<\/li><li>klinische Psychologie: klinische psychologische Diagnostik z.B. Testverfahren, Behandlung mit psychologischen Methoden, Gutachtert\u00e4tigkeit<\/li><li>in Zusammenarbeit mit Psychiatern und auch eigenst\u00e4ndig<\/li><li>keine Verschreibung von Medikamenten<\/li><\/ul>\n\n\n\n<p><strong>Psychiater\/Psychiaterin (= Facharzt\/\u00e4rztin f\u00fcr Psychiatrie)<\/strong><\/p>\n\n\n\n<ul><li>die Psychiatrie ist ein \u00e4rztliches Fachgebiet (griech. iatros = Arzt), sie besch\u00e4ftigt sich mit der Erkennung &#8211; (nichtoperativen) Behandlung &#8211; Pr\u00e4vention &#8211; Rehabilitation und Begutachtung von psychischen Erkrankungen und St\u00f6rungen<\/li><li>eine medikament\u00f6se Behandlung soll psychosoziale und psychotherapeutische Aspekte mitber\u00fccksichtigen<\/li><\/ul>\n\n\n\n<p><strong>Neurologe\/Neurologin (= Facharzt\/Fach\u00e4rztin f\u00fcr Neurologie)<\/strong><\/p>\n\n\n\n<ul><li>spezialisiert auf Krankheiten des Nervensystems, d.h. organische Erkrankungen der Nerven, des R\u00fcckenmarks und des Gehirns<\/li><li>Beispiele: multiple Sklerose, Bandscheibenvorfall, Schlaganfall, Erkrankungen des Zentralnervensystems (ZNS)<\/li><\/ul>\n\n\n\n<p><strong>Unterscheidung Psychiatrie : Neurologie<\/strong><\/p>\n\n\n\n<ul><li>die F\u00e4cher werden seit langem getrennt unterrichtet<\/li><li>es gab fr\u00fcher immer das eine als vierj\u00e4hriges Hauptfach, das andere als k\u00fcrzeres &#8222;Gegenfach&#8220;<\/li><li>Abschluss: &#8222;Facharzt f\u00fcr Neurologie und Psychiatrie&#8220; bzw. &#8222;Facharzt f\u00fcr Psychiatrie und Neurologie&#8220; &#8211; das Hauptfach (bessere Kenntnisse) wird hier zuerst genannt<\/li><li>seit 1994 getrennte Bezeichnung: man ist nun entweder &#8222;Facharzt f\u00fcr Neurologie&#8220; oder &#8222;Facharzt f\u00fcr Psychiatrie&#8220;<\/li><li>die (veraltete) Bezeichnung &#8222;Nervenarzt&#8220; gibt keinen Hinweis auf die Schwerpunkte der Ausbildung<\/li><li>f\u00fcr Psychiaterinnen und Psychiater ist heutzutage eine zus\u00e4tzliche Psychotherapieausbildung (siehe dort) verpflichtend, und seit 2007 gibt es die Berufsbezeichnung &#8222;Facharzt f\u00fcr Psychiatrie und psychotherapeutische Medizin&#8220;<\/li><\/ul>\n","protected":false},"excerpt":{"rendered":"<p>Begriffsunterscheidung der diversen Berufe im &#8222;Psy&#8220;-Bereich > Definitionen:Neurologie &#8211; Psychiatrie &#8211; Psychotherapie &#8211; Psychologie Psychotherapeut\/Psychotherapeutin Psychotherapie = Form der Behandlung von psychischen Erkrankungen oder psychosozial bedingten Leidenszust\u00e4nden F\u00f6rderung von Reifung, Entwicklung und Gesundheit viele Quellberufe m\u00f6glich (h\u00e4ufige sind: Medizin, Psychologie, Sozialarbeit, P\u00e4dagogik) langj\u00e4hrige Ausbildung in einer von mehreren Psychotherapie-Schulen (d.h. Richtungen, derzeit sind in \u00d6sterreich [&hellip;]<\/p>\n","protected":false},"author":1,"featured_media":0,"parent":0,"menu_order":0,"comment_status":"closed","ping_status":"closed","template":"","meta":[],"_links":{"self":[{"href":"https:\/\/therapie-und-mehr.at\/index.php?rest_route=\/wp\/v2\/pages\/7"}],"collection":[{"href":"https:\/\/therapie-und-mehr.at\/index.php?rest_route=\/wp\/v2\/pages"}],"about":[{"href":"https:\/\/therapie-und-mehr.at\/index.php?rest_route=\/wp\/v2\/types\/page"}],"author":[{"embeddable":true,"href":"https:\/\/therapie-und-mehr.at\/index.php?rest_route=\/wp\/v2\/users\/1"}],"replies":[{"embeddable":true,"href":"https:\/\/therapie-und-mehr.at\/index.php?rest_route=%2Fwp%2Fv2%2Fcomments&post=7"}],"version-history":[{"count":8,"href":"https:\/\/therapie-und-mehr.at\/index.php?rest_route=\/wp\/v2\/pages\/7\/revisions"}],"predecessor-version":[{"id":363,"href":"https:\/\/therapie-und-mehr.at\/index.php?rest_route=\/wp\/v2\/pages\/7\/revisions\/363"}],"wp:attachment":[{"href":"https:\/\/therapie-und-mehr.at\/index.php?rest_route=%2Fwp%2Fv2%2Fmedia&parent=7"}],"curies":[{"name":"wp","href":"https:\/\/api.w.org\/{rel}","templated":true}]}}