{"id":75,"date":"2021-03-31T18:16:49","date_gmt":"2021-03-31T18:16:49","guid":{"rendered":"https:\/\/therapie-und-mehr.at\/?page_id=75"},"modified":"2022-05-29T20:34:29","modified_gmt":"2022-05-29T20:34:29","slug":"therapeut-1","status":"publish","type":"page","link":"https:\/\/therapie-und-mehr.at\/?page_id=75","title":{"rendered":"Doris Boland-Skiera, MSc"},"content":{"rendered":"\n<p>Psychotherapeutin (Psychodrama)<\/p>\n\n\n\n<div class=\"wp-block-media-text alignwide is-stacked-on-mobile\" style=\"grid-template-columns:30% auto\"><figure class=\"wp-block-media-text__media\"><img decoding=\"async\" loading=\"lazy\" width=\"154\" height=\"150\" src=\"https:\/\/therapie-und-mehr.at\/wp-content\/uploads\/2021\/10\/boland-skiera.jpg\" alt=\"\" class=\"wp-image-200 size-full\"\/><\/figure><div class=\"wp-block-media-text__content\">\n<p>Diplomierte Gesundheits- und Krankenschwester<br>Diplom-Sozialarbeiterin und -P\u00e4dagogin(FH), MSc<br>Mediatorin<br>Psychotherapeutin<br>Master-Studium \u00d6AGG <\/p>\n<\/div><\/div>\n\n\n\n<div class=\"is-layout-flex wp-block-buttons\">\n<div class=\"wp-block-button has-custom-font-size has-small-font-size\"><a class=\"wp-block-button__link\" href=\"https:\/\/therapie-und-mehr.at\/?page_id=26\">Psychodrama<\/a><\/div>\n\n\n\n<div class=\"wp-block-button has-custom-font-size has-small-font-size\"><a class=\"wp-block-button__link\" href=\"https:\/\/therapie-und-mehr.at\/?page_id=19\">Mediation<\/a><\/div>\n\n\n\n<div class=\"wp-block-button has-custom-font-size has-small-font-size\"><a class=\"wp-block-button__link\" href=\"https:\/\/therapie-und-mehr.at\/?page_id=20\">P\u00e4dagogische Familienberatung<\/a><\/div>\n<\/div>\n\n\n\n<p><\/p>\n\n\n\n<p><strong>Berufserfahrung:<\/strong><\/p>\n\n\n\n<ul><li>psychotherapeutische Arbeit <ul><li>in freier Praxis<\/li><li>in der Psychotherapeutischen Ambulanz (pta) des \u00d6AGG<\/li><li>am Zentrum f\u00fcr Entwicklungsf\u00f6rderung (ZEF) und<\/li><li>in der psychiatrische Tagesklinik der Rudolfstiftung<\/li><\/ul><\/li><li>mit Erwachsenen, Kindern und Jugendlichen<\/li><li>Pflege und sozialarbeiterische Beratung bzw. Pflegemediation in Spit\u00e4lern (Hamburg, Wien)<\/li><li>als Sozialarbeiterin und -p\u00e4dagogin sowie als Mediatorin in Schulen und<br>beim Jugendamt<\/li><li>ambulante Suchtberatung in Hollabrunn f\u00fcr Betroffene und<br>Angeh\u00f6rige (Wien, N\u00d6)<\/li><\/ul>\n\n\n\n<p><strong>Methoden \/ Angebote:<\/strong><\/p>\n\n\n\n<ul><li>Psychotherapie:&nbsp;&nbsp;<a href=\"https:\/\/therapie-und-mehr.at\/?page_id=26\" data-type=\"page\" data-id=\"26\">Psychodrama<\/a><\/li><li><a href=\"https:\/\/therapie-und-mehr.at\/?page_id=19\" data-type=\"page\" data-id=\"19\">Mediation<\/a><\/li><li><a href=\"https:\/\/therapie-und-mehr.at\/?page_id=20\" data-type=\"page\" data-id=\"20\">p\u00e4dagogische Beratung<\/a><\/li><li>Einzelpersonen, Gruppen, Familien,<\/li><li>Kinder, Jugendliche und Erwachsene<\/li><\/ul>\n\n\n\n<p><strong>Arbeitsschwerpunkte:<\/strong><\/p>\n\n\n\n<ul><li>Konflikte in der Schule oder auf der Arbeit (Stress, Mobbing)<\/li><li>Suchtproblematik als Betroffene\/r und Angeh\u00f6rige\/r<\/li><li>psychosomatische Erkrankungen<\/li><li>Ersch\u00f6pfungszust\u00e4nde \/ Depression<\/li><li>Schwierigkeiten in Beziehungen<\/li><li>Krisen, belastende Ver\u00e4nderungen im Leben<\/li><li>Hochsensibilit\u00e4t<\/li><\/ul>\n\n\n\n<p><strong>Kontakt:<\/strong><\/p>\n\n\n\n<p><a href=\"mailto:dbs@therapie-und-mehr.at\">dbs@therapie-und-mehr.at<\/a>&nbsp;oder&nbsp;<a href=\"mailto:lebensspielraum@gmail.com\">lebensspielraum@gmail.com<\/a><\/p>\n\n\n\n<p>Telefon: 0677 612 126 84<\/p>\n\n\n\n<p>Website:&nbsp;<a href=\"http:\/\/www.dein-lebensspielraum.at\" target=\"_blank\" rel=\"noreferrer noopener\">www.dein-lebensspielraum.at<\/a><\/p>\n","protected":false},"excerpt":{"rendered":"<p>Psychotherapeutin (Psychodrama) Diplomierte Gesundheits- und KrankenschwesterDiplom-Sozialarbeiterin und -P\u00e4dagogin(FH), MScMediatorinPsychotherapeutinMaster-Studium \u00d6AGG Berufserfahrung: psychotherapeutische Arbeit in freier Praxis in der Psychotherapeutischen Ambulanz (pta) des \u00d6AGG am Zentrum f\u00fcr Entwicklungsf\u00f6rderung (ZEF) und in der psychiatrische Tagesklinik der Rudolfstiftung mit Erwachsenen, Kindern und Jugendlichen Pflege und sozialarbeiterische Beratung bzw. Pflegemediation in Spit\u00e4lern (Hamburg, Wien) als Sozialarbeiterin und -p\u00e4dagogin sowie [&hellip;]<\/p>\n","protected":false},"author":1,"featured_media":0,"parent":0,"menu_order":0,"comment_status":"closed","ping_status":"closed","template":"","meta":[],"_links":{"self":[{"href":"https:\/\/therapie-und-mehr.at\/index.php?rest_route=\/wp\/v2\/pages\/75"}],"collection":[{"href":"https:\/\/therapie-und-mehr.at\/index.php?rest_route=\/wp\/v2\/pages"}],"about":[{"href":"https:\/\/therapie-und-mehr.at\/index.php?rest_route=\/wp\/v2\/types\/page"}],"author":[{"embeddable":true,"href":"https:\/\/therapie-und-mehr.at\/index.php?rest_route=\/wp\/v2\/users\/1"}],"replies":[{"embeddable":true,"href":"https:\/\/therapie-und-mehr.at\/index.php?rest_route=%2Fwp%2Fv2%2Fcomments&post=75"}],"version-history":[{"count":15,"href":"https:\/\/therapie-und-mehr.at\/index.php?rest_route=\/wp\/v2\/pages\/75\/revisions"}],"predecessor-version":[{"id":428,"href":"https:\/\/therapie-und-mehr.at\/index.php?rest_route=\/wp\/v2\/pages\/75\/revisions\/428"}],"wp:attachment":[{"href":"https:\/\/therapie-und-mehr.at\/index.php?rest_route=%2Fwp%2Fv2%2Fmedia&parent=75"}],"curies":[{"name":"wp","href":"https:\/\/api.w.org\/{rel}","templated":true}]}}